{"id":3717,"date":"2022-05-02T20:56:28","date_gmt":"2022-05-02T20:56:28","guid":{"rendered":"https:\/\/wyjdzzroli.pl\/?page_id=3717"},"modified":"2025-05-09T14:29:51","modified_gmt":"2025-05-09T14:29:51","slug":"team-building-na-deskach-teatru","status":"publish","type":"page","link":"https:\/\/wyjdzzroli.pl\/index.php\/team-building-na-deskach-teatru\/","title":{"rendered":"Team building na\u2026 &#8222;deskach teatru!&#8221;"},"content":{"rendered":"<p><div class=\"fusion-fullwidth fullwidth-box fusion-builder-row-1 fusion-flex-container nonhundred-percent-fullwidth non-hundred-percent-height-scrolling\" style=\"--awb-border-radius-top-left:0px;--awb-border-radius-top-right:0px;--awb-border-radius-bottom-right:0px;--awb-border-radius-bottom-left:0px;--awb-margin-top:-60px;--awb-margin-bottom:0px;--awb-background-image:linear-gradient(180deg, var(--awb-color8) 0%,rgba(255,255,255,0) 100%);--awb-flex-wrap:wrap;\" ><div class=\"fusion-builder-row fusion-row fusion-flex-align-items-center fusion-flex-content-wrap\" style=\"max-width:1216.8px;margin-left: calc(-4% \/ 2 );margin-right: calc(-4% \/ 2 );\"><div class=\"fusion-layout-column fusion_builder_column fusion-builder-column-0 fusion_builder_column_1_2 1_2 fusion-flex-column\" style=\"--awb-bg-size:cover;--awb-width-large:50%;--awb-margin-top-large:0px;--awb-spacing-right-large:3.84%;--awb-margin-bottom-large:0px;--awb-spacing-left-large:3.84%;--awb-width-medium:100%;--awb-order-medium:0;--awb-spacing-right-medium:1.92%;--awb-spacing-left-medium:1.92%;--awb-width-small:100%;--awb-order-small:0;--awb-spacing-right-small:1.92%;--awb-spacing-left-small:1.92%;\"><div class=\"fusion-column-wrapper fusion-column-has-shadow fusion-flex-justify-content-flex-start fusion-content-layout-column\"><div class=\"fusion-builder-row fusion-builder-row-inner fusion-row fusion-flex-align-items-center fusion-flex-content-wrap\" style=\"width:104% !important;max-width:104% !important;margin-left: calc(-4% \/ 2 );margin-right: calc(-4% \/ 2 );\"><div class=\"fusion-layout-column fusion_builder_column_inner fusion-builder-nested-column-0 fusion_builder_column_inner_1_1 1_1 fusion-flex-column\" style=\"--awb-bg-size:cover;--awb-width-large:100%;--awb-margin-top-large:20px;--awb-spacing-right-large:1.92%;--awb-margin-bottom-large:20px;--awb-spacing-left-large:1.92%;--awb-width-medium:100%;--awb-order-medium:0;--awb-spacing-right-medium:1.92%;--awb-spacing-left-medium:1.92%;--awb-width-small:100%;--awb-order-small:0;--awb-spacing-right-small:1.92%;--awb-spacing-left-small:1.92%;\"><div class=\"fusion-column-wrapper fusion-column-has-shadow fusion-flex-justify-content-flex-start fusion-content-layout-column\"><div class=\"fusion-title title fusion-title-1 fusion-sep-none fusion-title-highlight fusion-animate-once fusion-highlight-underline_zigzag fusion-title-size-three\" style=\"--awb-highlight-color:var(--awb-color4);--awb-highlight-top-margin:16px;--awb-highlight-width:7;\" data-highlight=\"underline_zigzag\"><h3 class=\"fusion-title-heading title-heading-left fusion-responsive-typography-calculated\" style=\"margin:0;--fontSize:30;line-height:var(--awb-typography2-line-height);\"><span class=\"fusion-highlighted-text-prefix\"><\/span> <span class=\"fusion-highlighted-text-wrapper\"><span class=\"fusion-highlighted-text\">Tona \u015bmiechu i dobrej zabawy gwarantowana!<\/span><svg xmlns=\"http:\/\/www.w3.org\/2000\/svg\" viewBox=\"0 0 500 150\" preserveAspectRatio=\"none\"><path d=\"M6.1,133.6c0,0,173.4-20.6,328.3-14.5c154.8,6.1,162.2,8.7,162.2,8.7s-262.6-4.9-339.2,13.9 c0,0,113.8-6.1,162.9,6.9\"><\/path><\/svg><\/span> <span class=\"fusion-highlighted-text-postfix\"><\/span><\/h3><\/div><div class=\"fusion-image-element fusion-no-medium-visibility\" style=\"text-align:center;--awb-mask-url: url(https:\/\/wyjdzzroli.pl\/wp-content\/plugins\/fusion-builder\/\/assets\/images\/masks\/mask-6.svg);--awb-mask-size: cover;--awb-caption-title-font-family:var(--h2_typography-font-family);--awb-caption-title-font-weight:var(--h2_typography-font-weight);--awb-caption-title-font-style:var(--h2_typography-font-style);--awb-caption-title-size:var(--h2_typography-font-size);--awb-caption-title-transform:var(--h2_typography-text-transform);--awb-caption-title-line-height:var(--h2_typography-line-height);--awb-caption-title-letter-spacing:var(--h2_typography-letter-spacing);\"><span class=\" fusion-imageframe imageframe-none imageframe-1 hover-type-none has-mask\"><img decoding=\"async\" width=\"300\" height=\"200\" title=\"Jeden teatr\" src=\"https:\/\/wyjdzzroli.pl\/wp-content\/uploads\/2022\/05\/Jeden-teatr-scaled.jpg\" data-orig-src=\"https:\/\/wyjdzzroli.pl\/wp-content\/uploads\/2022\/05\/Jeden-teatr-300x200.jpg\" alt class=\"lazyload img-responsive wp-image-3875\" srcset=\"data:image\/svg+xml,%3Csvg%20xmlns%3D%27http%3A%2F%2Fwww.w3.org%2F2000%2Fsvg%27%20width%3D%272560%27%20height%3D%271707%27%20viewBox%3D%270%200%202560%201707%27%3E%3Crect%20width%3D%272560%27%20height%3D%271707%27%20fill-opacity%3D%220%22%2F%3E%3C%2Fsvg%3E\" data-srcset=\"https:\/\/wyjdzzroli.pl\/wp-content\/uploads\/2022\/05\/Jeden-teatr-200x133.jpg 200w, https:\/\/wyjdzzroli.pl\/wp-content\/uploads\/2022\/05\/Jeden-teatr-400x267.jpg 400w, https:\/\/wyjdzzroli.pl\/wp-content\/uploads\/2022\/05\/Jeden-teatr-600x400.jpg 600w, https:\/\/wyjdzzroli.pl\/wp-content\/uploads\/2022\/05\/Jeden-teatr-800x533.jpg 800w, https:\/\/wyjdzzroli.pl\/wp-content\/uploads\/2022\/05\/Jeden-teatr-1200x800.jpg 1200w\" data-sizes=\"auto\" data-orig-sizes=\"(max-width: 1024px) 100vw, (max-width: 640px) 100vw, 1200px\" \/><\/span><\/div><\/div><\/div><\/div><\/div><\/div><div class=\"fusion-layout-column fusion_builder_column fusion-builder-column-1 fusion_builder_column_1_2 1_2 fusion-flex-column\" style=\"--awb-bg-size:cover;--awb-width-large:50%;--awb-margin-top-large:20px;--awb-spacing-right-large:3.84%;--awb-margin-bottom-large:20px;--awb-spacing-left-large:3.84%;--awb-width-medium:100%;--awb-order-medium:0;--awb-spacing-right-medium:1.92%;--awb-spacing-left-medium:1.92%;--awb-width-small:100%;--awb-order-small:0;--awb-spacing-right-small:1.92%;--awb-spacing-left-small:1.92%;\"><div class=\"fusion-column-wrapper fusion-column-has-shadow fusion-flex-justify-content-flex-start fusion-content-layout-column\"><div class=\"fusion-text fusion-text-1\" style=\"--awb-text-color:var(--awb-color3);\"><h4 class=\"fusion-responsive-typography-calculated\" style=\"--fontsize: 26; line-height: 1.15; --minfontsize: 26;\" data-fontsize=\"26\" data-lineheight=\"29.9px\"><span class=\"TextRun SCXW180460220 BCX0\" lang=\"PL-PL\" xml:lang=\"PL-PL\" data-contrast=\"none\"><span class=\"NormalTextRun SCXW180460220 BCX0\">Zadbaj o relacje w Twoim zespole! <\/span><\/span><\/h4>\n<\/div><div class=\"fusion-text fusion-text-2\"><p><span class=\"TextRun SCXW208930802 BCX0\" lang=\"PL-PL\" xml:lang=\"PL-PL\" data-contrast=\"none\"><span class=\"NormalTextRun SCXW208930802 BCX0\">Spotkanie realizowane jest w formule warsztatowej z wykorzystaniem mi\u0119dzy innymi technik aktorskich, a miejscem jego realizacji mog\u0105, lecz NIE MUSZ\u0104 by\u0107 deski teatru!<\/span><\/span><\/p>\n<\/div><div class=\"fusion-text fusion-text-3\"><p><span class=\"TextRun SCXW27791290 BCX0\" lang=\"PL-PL\" xml:lang=\"PL-PL\" data-contrast=\"none\"><span class=\"NormalTextRun SCXW27791290 BCX0\">Jakby to by\u0142o, gdyby pracownicy, managerowie, dyrektorzy, prezesi mogli cho\u0107 na chwil\u0119 wyj\u015b\u0107 ze swoich r\u00f3l? Na co dzie\u0144 &#8211; pe\u0142na koncentracja, dzia\u0142anie na najwy\u017cszych obrotach, wdra\u017canie skomplikowanych procedur i to wszystko pod presj\u0105 czasu\u2026 <\/span><\/span><\/p>\n<\/div><\/div><\/div><\/div><\/div><div class=\"fusion-fullwidth fullwidth-box fusion-builder-row-2 fusion-flex-container nonhundred-percent-fullwidth non-hundred-percent-height-scrolling fusion-custom-z-index\" style=\"--awb-background-position:center bottom;--awb-border-radius-top-left:0px;--awb-border-radius-top-right:0px;--awb-border-radius-bottom-right:0px;--awb-border-radius-bottom-left:0px;--awb-z-index:99;--awb-background-image:linear-gradient(180deg, var(--awb-color7) 70%,rgba(71,58,153,0) 100%);--awb-flex-wrap:wrap;\" ><div class=\"fusion-builder-row fusion-row fusion-flex-align-items-flex-start fusion-flex-content-wrap\" style=\"max-width:1216.8px;margin-left: calc(-4% \/ 2 );margin-right: calc(-4% \/ 2 );\"><div class=\"fusion-layout-column fusion_builder_column fusion-builder-column-2 fusion_builder_column_1_1 1_1 fusion-flex-column\" style=\"--awb-padding-right:2px;--awb-bg-size:cover;--awb-width-large:100%;--awb-margin-top-large:0px;--awb-spacing-right-large:3.84%;--awb-margin-bottom-large:20px;--awb-spacing-left-large:1.92%;--awb-width-medium:100%;--awb-order-medium:0;--awb-spacing-right-medium:1.92%;--awb-spacing-left-medium:1.92%;--awb-width-small:100%;--awb-order-small:0;--awb-spacing-right-small:1.92%;--awb-spacing-left-small:1.92%;\"><div class=\"fusion-column-wrapper fusion-column-has-shadow fusion-flex-justify-content-flex-start fusion-content-layout-column\"><div class=\"fusion-title title fusion-title-2 fusion-sep-none fusion-title-center fusion-title-highlight fusion-animate-loop fusion-highlight-underline_zigzag fusion-title-size-three\" style=\"--awb-highlight-color:var(--awb-color4);\" data-highlight=\"underline_zigzag\"><h3 class=\"fusion-title-heading title-heading-center fusion-responsive-typography-calculated\" style=\"margin:0;--fontSize:30;line-height:var(--awb-typography2-line-height);\"><span class=\"fusion-highlighted-text-prefix\"><\/span> <span class=\"fusion-highlighted-text-wrapper\"><span class=\"fusion-highlighted-text\">Ale po co?<\/span><svg xmlns=\"http:\/\/www.w3.org\/2000\/svg\" viewBox=\"0 0 500 150\" preserveAspectRatio=\"none\"><path d=\"M6.1,133.6c0,0,173.4-20.6,328.3-14.5c154.8,6.1,162.2,8.7,162.2,8.7s-262.6-4.9-339.2,13.9 c0,0,113.8-6.1,162.9,6.9\"><\/path><\/svg><\/span> <span class=\"fusion-highlighted-text-postfix\"><\/span><\/h3><\/div><\/div><\/div><div class=\"fusion-layout-column fusion_builder_column fusion-builder-column-3 fusion_builder_column_3_5 3_5 fusion-flex-column\" style=\"--awb-bg-size:cover;--awb-width-large:60%;--awb-margin-top-large:0px;--awb-spacing-right-large:13.76%;--awb-margin-bottom-large:20px;--awb-spacing-left-large:3.2%;--awb-width-medium:100%;--awb-order-medium:0;--awb-spacing-right-medium:1.92%;--awb-spacing-left-medium:1.92%;--awb-width-small:100%;--awb-order-small:0;--awb-spacing-right-small:1.92%;--awb-spacing-left-small:1.92%;\"><div class=\"fusion-column-wrapper fusion-column-has-shadow fusion-flex-justify-content-flex-start fusion-content-layout-column\"><div class=\"fusion-text fusion-text-4\" style=\"--awb-content-alignment:justify;\"><p style=\"text-align: left;\"><span data-contrast=\"none\">Do dzi\u015b rezonuj\u0105 we mnie pewne s\u0142owa, wypowiedziane w moj\u0105 stron\u0119: \u201ePami\u0119taj! Na ko\u0144cu ka\u017cdego procesu i wszelkich zale\u017cno\u015bci biznesowych stoi CZ\u0141OWIEK. A dobrze dzia\u0142aj\u0105cy \u201eorganizm firmy\u201d, sk\u0142ada si\u0119 przede wszystkim ze zintegrowanych LUDZI, kt\u00f3rzy potrafi\u0105 na sobie polega\u0107!\u201d<\/span><\/p>\n<\/div><div class=\"fusion-text fusion-text-5\" style=\"--awb-content-alignment:justify;\"><p style=\"text-align: left;\">Czy ludzie w Twoim zespole naprawd\u0119 si\u0119\u202fznaj\u0105? Oczywi\u015bcie, \u017ce na p\u0142aszczy\u017anie zawodowej ka\u017cdy generalnie wie, czym zajmuj\u0105\u202fsi\u0119 pozosta\u0142e osoby i z jakimi zadaniami mo\u017ce si\u0119 do nich zg\u0142osi\u0107. Ale czy to wystarczy do zbudowania efektywnego zespo\u0142u?<\/p>\n<\/div><\/div><\/div><div class=\"fusion-layout-column fusion_builder_column fusion-builder-column-4 fusion_builder_column_2_5 2_5 fusion-flex-column\" style=\"--awb-bg-size:cover;--awb-width-large:40%;--awb-margin-top-large:0px;--awb-spacing-right-large:4.8%;--awb-margin-bottom-large:0px;--awb-spacing-left-large:4.8%;--awb-width-medium:100%;--awb-order-medium:0;--awb-spacing-right-medium:1.92%;--awb-spacing-left-medium:1.92%;--awb-width-small:100%;--awb-order-small:0;--awb-spacing-right-small:1.92%;--awb-spacing-left-small:1.92%;\"><div class=\"fusion-column-wrapper fusion-column-has-shadow fusion-flex-justify-content-flex-start fusion-content-layout-column\"><div class=\"fusion-image-element \" style=\"--awb-mask-url: url(https:\/\/wyjdzzroli.pl\/wp-content\/plugins\/fusion-builder\/\/assets\/images\/masks\/mask-17.svg);--awb-mask-size: cover;--awb-caption-title-font-family:var(--h2_typography-font-family);--awb-caption-title-font-weight:var(--h2_typography-font-weight);--awb-caption-title-font-style:var(--h2_typography-font-style);--awb-caption-title-size:var(--h2_typography-font-size);--awb-caption-title-transform:var(--h2_typography-text-transform);--awb-caption-title-line-height:var(--h2_typography-line-height);--awb-caption-title-letter-spacing:var(--h2_typography-letter-spacing);\"><span class=\" fusion-imageframe imageframe-none imageframe-2 hover-type-none has-mask\"><img decoding=\"async\" width=\"300\" height=\"200\" src=\"https:\/\/wyjdzzroli.pl\/wp-content\/uploads\/2022\/06\/1.jpg\" data-orig-src=\"https:\/\/wyjdzzroli.pl\/wp-content\/uploads\/2022\/06\/1-300x200.jpg\" alt class=\"lazyload img-responsive wp-image-4306\" srcset=\"data:image\/svg+xml,%3Csvg%20xmlns%3D%27http%3A%2F%2Fwww.w3.org%2F2000%2Fsvg%27%20width%3D%27626%27%20height%3D%27417%27%20viewBox%3D%270%200%20626%20417%27%3E%3Crect%20width%3D%27626%27%20height%3D%27417%27%20fill-opacity%3D%220%22%2F%3E%3C%2Fsvg%3E\" data-srcset=\"https:\/\/wyjdzzroli.pl\/wp-content\/uploads\/2022\/06\/1-200x133.jpg 200w, https:\/\/wyjdzzroli.pl\/wp-content\/uploads\/2022\/06\/1-400x266.jpg 400w, https:\/\/wyjdzzroli.pl\/wp-content\/uploads\/2022\/06\/1-600x400.jpg 600w, https:\/\/wyjdzzroli.pl\/wp-content\/uploads\/2022\/06\/1.jpg 626w\" data-sizes=\"auto\" data-orig-sizes=\"(max-width: 1024px) 100vw, (max-width: 640px) 100vw, 600px\" \/><\/span><\/div><\/div><\/div><\/div><\/div><div class=\"fusion-fullwidth fullwidth-box fusion-builder-row-3 fusion-flex-container nonhundred-percent-fullwidth non-hundred-percent-height-scrolling\" style=\"--awb-background-position:center top;--awb-border-radius-top-left:0px;--awb-border-radius-top-right:0px;--awb-border-radius-bottom-right:0px;--awb-border-radius-bottom-left:0px;--awb-background-image:linear-gradient(180deg, rgba(192,126,146,0.03) 0%,rgba(255,152,6,0) 100%);--awb-flex-wrap:wrap;\" ><div class=\"fusion-builder-row fusion-row fusion-flex-align-items-center fusion-flex-content-wrap\" style=\"max-width:1216.8px;margin-left: calc(-4% \/ 2 );margin-right: calc(-4% \/ 2 );\"><div class=\"fusion-layout-column fusion_builder_column fusion-builder-column-5 fusion_builder_column_1_1 1_1 fusion-flex-column\" style=\"--awb-bg-size:cover;--awb-width-large:100%;--awb-margin-top-large:0px;--awb-spacing-right-large:1.92%;--awb-margin-bottom-large:20px;--awb-spacing-left-large:1.92%;--awb-width-medium:100%;--awb-order-medium:0;--awb-spacing-right-medium:1.92%;--awb-spacing-left-medium:1.92%;--awb-width-small:100%;--awb-order-small:0;--awb-spacing-right-small:1.92%;--awb-spacing-left-small:1.92%;\"><div class=\"fusion-column-wrapper fusion-column-has-shadow fusion-flex-justify-content-flex-start fusion-content-layout-column\"><div class=\"fusion-text fusion-text-6\" style=\"--awb-content-alignment:justify;\"><p style=\"text-align: left;\">Zapraszam na warsztat, kt\u00f3ry skierowany jest w\u0142a\u015bnie do zespo\u0142\u00f3w w Twojej organizacji! Dzi\u0119ki technikom aktorskim wsp\u00f3lnie do\u015bwiadczycie zupe\u0142nie innych wra\u017ce\u0144 pe\u0142nych bezpo\u015brednio\u015bci. To troch\u0119 jak wej\u015bcie do escape roomu! Tylko przed rozpocz\u0119ciem tej NIEZNANEJ dla wszystkich \u201eprzygody\u201d opuszczacie swoje dobrze ZNANE kostiumy i role zawodowe!<\/p>\n<p style=\"text-align: left;\"><span data-contrast=\"none\">To po\u0142\u0105czenie przyjemnego z po\u017cytecznym. Niezwyk\u0142y moment na prawdziw\u0105 integracj\u0119, pe\u0142n\u0105 otwartych dzia\u0142a\u0144, kt\u00f3re pozwalaj\u0105 na WYJ\u015aCIE ZE SCHEMAT\u00d3W! Jedyne w swoim rodzaju niepowa\u017cno-powa\u017cne spotkanie LUDZI firmy, ko\u0144cz\u0105ce si\u0119 nowymi rozwi\u0105zaniami do wdro\u017cenia od zaraz! <\/span><\/p>\n<\/div><div class=\"fusion-title title fusion-title-3 fusion-sep-none fusion-title-center fusion-title-highlight fusion-animate-once fusion-highlight-underline_zigzag fusion-title-size-three\" style=\"--awb-highlight-color:var(--awb-color4);--awb-highlight-top-margin:6px;\" data-highlight=\"underline_zigzag\"><h3 class=\"fusion-title-heading title-heading-center fusion-responsive-typography-calculated\" style=\"margin:0;--fontSize:30;line-height:var(--awb-typography2-line-height);\"><span class=\"fusion-highlighted-text-prefix\"><\/span> <span class=\"fusion-highlighted-text-wrapper\"><span class=\"fusion-highlighted-text\">Jakie zyski?<\/span><svg xmlns=\"http:\/\/www.w3.org\/2000\/svg\" viewBox=\"0 0 500 150\" preserveAspectRatio=\"none\"><path d=\"M6.1,133.6c0,0,173.4-20.6,328.3-14.5c154.8,6.1,162.2,8.7,162.2,8.7s-262.6-4.9-339.2,13.9 c0,0,113.8-6.1,162.9,6.9\"><\/path><\/svg><\/span> <span class=\"fusion-highlighted-text-postfix\"><\/span><\/h3><\/div><\/div><\/div><\/div><\/div><div class=\"fusion-fullwidth fullwidth-box fusion-builder-row-4 fusion-flex-container has-pattern-background has-mask-background nonhundred-percent-fullwidth non-hundred-percent-height-scrolling\" style=\"--awb-border-radius-top-left:0px;--awb-border-radius-top-right:0px;--awb-border-radius-bottom-right:0px;--awb-border-radius-bottom-left:0px;--awb-flex-wrap:wrap;\" ><div class=\"fusion-builder-row fusion-row fusion-flex-align-items-flex-start fusion-flex-content-wrap\" style=\"max-width:1216.8px;margin-left: calc(-4% \/ 2 );margin-right: calc(-4% \/ 2 );\"><div class=\"fusion-layout-column fusion_builder_column fusion-builder-column-6 fusion_builder_column_1_1 1_1 fusion-flex-column\" style=\"--awb-bg-size:cover;--awb-width-large:100%;--awb-margin-top-large:20px;--awb-spacing-right-large:1.92%;--awb-margin-bottom-large:20px;--awb-spacing-left-large:1.92%;--awb-width-medium:100%;--awb-order-medium:0;--awb-spacing-right-medium:1.92%;--awb-spacing-left-medium:1.92%;--awb-width-small:100%;--awb-order-small:0;--awb-spacing-right-small:1.92%;--awb-spacing-left-small:1.92%;\"><div class=\"fusion-column-wrapper fusion-column-has-shadow fusion-flex-justify-content-flex-start fusion-content-layout-column\"><div class=\"fusion-text fusion-text-7\"><p>* zesp\u00f3\u0142 do\u015bwiadczy, zupe\u0142nie nowego wymiaru aktywno\u015bci komunikacyjnej &#8211; budujemy zaufanie<\/p>\n<p>* warto\u015bciowe dyskusje &#8211; wymian\u0119 perspektyw na temat element\u00f3w buduj\u0105cych zdrowe relacje pracownicze<\/p>\n<p>* warsztat odczarowuje schemat nudnych, prze\u0142adowanych tre\u015bci\u0105 szkole\u0144, po kt\u00f3rych zesp\u00f3\u0142 czuje jedynie strat\u0119 czasu i dalszy brak zaanga\u017cowania w rozw\u00f3j teamu<\/p>\n<p>* podczas spotkania poruszamy wa\u017cne tematy zgodne z potrzebami indywidualnymi i zespo\u0142owymi jego uczestnik\u00f3w<\/p>\n<p>* nie zapomnimy o aktualizacji zasob\u00f3w teamu!<\/p>\n<p>* intensywne do\u015bwiadczenie komunikacyjne, kt\u00f3re dzi\u0119ki technice aktorskiej uczy elastyczno\u015bci sytuacyjnej, odporno\u015bci psychicznej na to, co nieprzewidywalne w biznesie<\/p>\n<p>* opracowujecie idealny plan przeciwdzia\u0142aj\u0105cy rutynie i obni\u017ceniu motywacji do kreatywnego dzia\u0142ania zespo\u0142u &#8211; wychodzicie z konkretnymi rozwi\u0105zaniami, kt\u00f3re s\u0105 efektem wsp\u00f3lnego zaanga\u017cowania!<\/p>\n<p>\u2026 poza tym wszystkim tona \u015bmiechu i dobrej zabawy GWARANTOWANA! :)<\/p>\n<\/div><\/div><\/div><\/div><\/div><div class=\"fusion-fullwidth fullwidth-box fusion-builder-row-5 fusion-flex-container nonhundred-percent-fullwidth non-hundred-percent-height-scrolling\" style=\"--awb-border-radius-top-left:0px;--awb-border-radius-top-right:0px;--awb-border-radius-bottom-right:0px;--awb-border-radius-bottom-left:0px;--awb-margin-bottom:-60px;--awb-background-image:linear-gradient(180deg, rgba(255,255,255,0) 0%,var(--awb-color8) 100%);--awb-flex-wrap:wrap;\" ><div class=\"fusion-builder-row fusion-row fusion-flex-align-items-flex-start fusion-flex-content-wrap\" style=\"max-width:1216.8px;margin-left: calc(-4% \/ 2 );margin-right: calc(-4% \/ 2 );\"><div class=\"fusion-layout-column fusion_builder_column fusion-builder-column-7 fusion_builder_column_1_1 1_1 fusion-flex-column\" style=\"--awb-bg-size:cover;--awb-width-large:100%;--awb-margin-top-large:20px;--awb-spacing-right-large:1.92%;--awb-margin-bottom-large:0px;--awb-spacing-left-large:1.92%;--awb-width-medium:100%;--awb-order-medium:0;--awb-spacing-right-medium:1.92%;--awb-spacing-left-medium:1.92%;--awb-width-small:100%;--awb-order-small:0;--awb-spacing-right-small:1.92%;--awb-spacing-left-small:1.92%;\"><div class=\"fusion-column-wrapper fusion-column-has-shadow fusion-flex-justify-content-flex-start fusion-content-layout-column\"><div class=\"fusion-title title fusion-title-4 fusion-sep-none fusion-title-center fusion-title-highlight fusion-animate-once fusion-highlight-underline_zigzag fusion-title-size-three\" style=\"--awb-highlight-color:var(--awb-color4);--awb-highlight-top-margin:6px;\" data-highlight=\"underline_zigzag\"><h3 class=\"fusion-title-heading title-heading-center fusion-responsive-typography-calculated\" style=\"margin:0;--fontSize:30;line-height:var(--awb-typography2-line-height);\"><span class=\"fusion-highlighted-text-prefix\"><\/span> <span class=\"fusion-highlighted-text-wrapper\"><span class=\"fusion-highlighted-text\">Program warsztatu<\/span><svg xmlns=\"http:\/\/www.w3.org\/2000\/svg\" viewBox=\"0 0 500 150\" preserveAspectRatio=\"none\"><path d=\"M6.1,133.6c0,0,173.4-20.6,328.3-14.5c154.8,6.1,162.2,8.7,162.2,8.7s-262.6-4.9-339.2,13.9 c0,0,113.8-6.1,162.9,6.9\"><\/path><\/svg><\/span> <span class=\"fusion-highlighted-text-postfix\"><\/span><\/h3><\/div><\/div><\/div><div class=\"fusion-layout-column fusion_builder_column fusion-builder-column-8 fusion_builder_column_2_3 2_3 fusion-flex-column\" style=\"--awb-bg-size:cover;--awb-width-large:66.666666666667%;--awb-margin-top-large:0px;--awb-spacing-right-large:2.88%;--awb-margin-bottom-large:20px;--awb-spacing-left-large:2.88%;--awb-width-medium:66.666666666667%;--awb-order-medium:0;--awb-spacing-right-medium:2.88%;--awb-spacing-left-medium:2.88%;--awb-width-small:100%;--awb-order-small:0;--awb-spacing-right-small:1.92%;--awb-spacing-left-small:1.92%;\"><div class=\"fusion-column-wrapper fusion-column-has-shadow fusion-flex-justify-content-flex-start fusion-content-layout-column\"><div class=\"fusion-text fusion-text-8\"><p style=\"text-align: left;\">W tej sekcji nie znajdziesz gotowego programu, gdy\u017c jest on \u015bci\u015ble powi\u0105zany z potrzebami zespo\u0142u Twojej firmy. Unikam ofert, kt\u00f3re w swych sztywnych ramach zapominaj\u0105 o realnych wyzwaniach danej organizacji. :) Zapraszam Ci\u0119 na <a style=\"color: #ff9806;\" href=\"https:\/\/wyjdzzroli.pl\/index.php\/kontakt\/\"><b>bezp\u0142atn\u0105 konsultacj\u0119<\/b><\/a>, podczas kt\u00f3rej poznasz metodyk\u0119 mojej pracy, a tak\u017ce wsp\u00f3lnie opracujemy struktur\u0119 warsztatu, tak by by\u0142 uszyty na miar\u0119 realnego zapotrzebowania!<\/p>\n<p style=\"text-align: left;\">A mo\u017ce chcesz wypr\u00f3bowa\u0107 &#8222;jazdy pr\u00f3bnej&#8221; warsztat\u00f3w pod moj\u0105 batut\u0105? Wi\u0119cej informacji o darmowym, godzinnym warsztacie dowiesz si\u0119 klikaj\u0105c<b> <a href=\"https:\/\/wyjdzzroli.pl\/index.php\/jak-zadbac-o-dobrostan-i-lekkosc-w-zespolach-pracowniczych-darmowy-warsztat-team-buildingowy-ze-szczypta-aktorstwa-jazda-probna\/\">TUTAJ!<\/a> <\/b><\/p>\n<\/div><\/div><\/div><div class=\"fusion-layout-column fusion_builder_column fusion-builder-column-9 fusion_builder_column_1_1 1_1 fusion-flex-column\" style=\"--awb-bg-size:cover;--awb-width-large:100%;--awb-margin-top-large:20px;--awb-spacing-right-large:1.92%;--awb-margin-bottom-large:20px;--awb-spacing-left-large:1.92%;--awb-width-medium:100%;--awb-order-medium:0;--awb-spacing-right-medium:1.92%;--awb-spacing-left-medium:1.92%;--awb-width-small:100%;--awb-order-small:0;--awb-spacing-right-small:1.92%;--awb-spacing-left-small:1.92%;\"><div class=\"fusion-column-wrapper fusion-column-has-shadow fusion-flex-justify-content-flex-start fusion-content-layout-column\"><div class=\"fusion-text fusion-text-9\"><p><span class=\"TextRun SCXW113411869 BCX0\" lang=\"PL-PL\" xml:lang=\"PL-PL\" data-contrast=\"none\"><span class=\"NormalTextRun SCXW113411869 BCX0\">Je\u017celi chcesz dowiedzie\u0107 si\u0119 wi\u0119cej na\u202ftemat tego, kim jestem i w jaki spos\u00f3b pracuj\u0119 kliknij w poni\u017csze pytania: <\/span><\/span><\/p>\n<p><a href=\"https:\/\/wyjdzzroli.pl\/index.php\/kim-jestem\/\"><b>KIM JESTEM? <\/b><\/a><\/p>\n<p><a href=\"https:\/\/wyjdzzroli.pl\/index.php\/jak-pracuje\/\"><b>JAK PRACUJ\u0118? <\/b><\/a><\/p>\n<p><span class=\"TextRun SCXW113411869 BCX0\" lang=\"PL-PL\" xml:lang=\"PL-PL\" data-contrast=\"none\"><span class=\"NormalTextRun SCXW113411869 BCX0\">Je\u017celi chcesz dowiedzie\u0107 si\u0119 wi\u0119cej na\u202ftemat warsztatu (szczeg\u00f3\u0142y oferty), albo\u202fnurtuje Ci\u0119 jakie\u015b pytanie, po\u202fprostu <a href=\"https:\/\/wyjdzzroli.pl\/index.php\/kontakt\/\"><b>napisz lub zadzwo\u0144<\/b><\/a>. Porozmawiajmy!<\/span><\/span><\/p>\n<\/div><\/div><\/div><\/div><\/div><\/p>\n","protected":false},"excerpt":{"rendered":"","protected":false},"author":2,"featured_media":0,"parent":0,"menu_order":0,"comment_status":"closed","ping_status":"closed","template":"100-width.php","meta":{"footnotes":""},"class_list":["post-3717","page","type-page","status-publish","hentry"],"_links":{"self":[{"href":"https:\/\/wyjdzzroli.pl\/index.php\/wp-json\/wp\/v2\/pages\/3717","targetHints":{"allow":["GET"]}}],"collection":[{"href":"https:\/\/wyjdzzroli.pl\/index.php\/wp-json\/wp\/v2\/pages"}],"about":[{"href":"https:\/\/wyjdzzroli.pl\/index.php\/wp-json\/wp\/v2\/types\/page"}],"author":[{"embeddable":true,"href":"https:\/\/wyjdzzroli.pl\/index.php\/wp-json\/wp\/v2\/users\/2"}],"replies":[{"embeddable":true,"href":"https:\/\/wyjdzzroli.pl\/index.php\/wp-json\/wp\/v2\/comments?post=3717"}],"version-history":[{"count":5,"href":"https:\/\/wyjdzzroli.pl\/index.php\/wp-json\/wp\/v2\/pages\/3717\/revisions"}],"predecessor-version":[{"id":5082,"href":"https:\/\/wyjdzzroli.pl\/index.php\/wp-json\/wp\/v2\/pages\/3717\/revisions\/5082"}],"wp:attachment":[{"href":"https:\/\/wyjdzzroli.pl\/index.php\/wp-json\/wp\/v2\/media?parent=3717"}],"curies":[{"name":"wp","href":"https:\/\/api.w.org\/{rel}","templated":true}]}}